{"id":13701,"date":"2021-08-31T11:17:52","date_gmt":"2021-08-31T11:17:52","guid":{"rendered":"https:\/\/anatole-paris.com\/?post_type=product&#038;p=13701"},"modified":"2026-04-11T16:48:45","modified_gmt":"2026-04-11T16:48:45","slug":"two-tone-compact-umbrella-lilac-yellow","status":"publish","type":"product","link":"https:\/\/anatole-paris.com\/en\/shop-umbrella\/two-tone-compact-umbrella-lilac-yellow\/","title":{"rendered":"Two tone compact umbrella &#8211; LILI &#8211; lilac &#038; yellow"},"content":{"rendered":"<p><a name=\"specifications\"><\/a><\/p>\n<p>&nbsp;<\/p>\n<p>Technical specifications of the umbrella :<\/p>\n<p>WEIGHT : 220g<\/p>\n<p>LENGTH WHEN CLOSED : 17,5cm<\/p>\n<p>DIAMETER WHEN OPENED : 84cm<\/p>\n<p>RIBS : 7 fiberglass ribs with carbone reinforcments. Both materials are strong and light. Fiberglass is flexible and helps resist against strong winds.<\/p>\n<p>OPEN\/CLOSE : manual (to optimize light weight)<\/p>\n<p>COVER : microfibre polyester <\/p>\n<p>FASTENING : stainless steel press stud (nickel)<\/p>\n<p>HANDLE : wood (maple)<\/p>\n<p>STRAP : black and white grosgrain<\/p>\n<p>&nbsp;<\/p>\n","protected":false},"excerpt":{"rendered":"<p>We have juxtaposed our beautiful new lilac and yellow on each side of a curved line to produce an imperfect symetrical impression. The simplicity of this unbalanced effect actually feels really right.<\/p>\n<p><b><a href=\"#specifications\">See technical specifications<\/a><\/b><\/p>\n<p>&nbsp;<\/p>\n","protected":false},"featured_media":13928,"template":"","meta":[],"product_brand":[],"product_type":[2],"class_list":{"0":"post-13701","1":"product","2":"type-product","3":"status-publish","4":"has-post-thumbnail","6":"product_cat-folding-umbrellas","8":"first","9":"instock","10":"taxable","11":"shipping-taxable","12":"purchasable","13":"product-type-simple"},"yoast_head":"<!-- This site is optimized with the Yoast SEO plugin v27.4 - https:\/\/yoast.com\/product\/yoast-seo-wordpress\/ -->\n<title>e-shop - ANATOLE &quot;Two tone compact umbrella - LILI - lilac &amp; yellow&quot;<\/title>\n<meta name=\"robots\" content=\"index, follow, max-snippet:-1, max-image-preview:large, max-video-preview:-1\" \/>\n<link rel=\"canonical\" href=\"https:\/\/anatole-paris.com\/en\/shop-umbrella\/two-tone-compact-umbrella-lilac-yellow\/\" \/>\n<meta property=\"og:locale\" content=\"en_US\" \/>\n<meta property=\"og:type\" content=\"article\" \/>\n<meta property=\"og:title\" content=\"e-shop - ANATOLE &quot;Two tone compact umbrella - LILI - lilac &amp; yellow&quot;\" \/>\n<meta property=\"og:description\" content=\"We have juxtaposed our beautiful new lilac and yellow on each side of a curved line to produce an imperfect symetrical impression. The simplicity of this unbalanced effect actually feels really right.  See technical specifications  &nbsp;\" \/>\n<meta property=\"og:url\" content=\"https:\/\/anatole-paris.com\/en\/shop-umbrella\/two-tone-compact-umbrella-lilac-yellow\/\" \/>\n<meta property=\"og:site_name\" content=\"ANATOLE\" \/>\n<meta property=\"article:modified_time\" content=\"2026-04-11T16:48:45+00:00\" \/>\n<meta property=\"og:image\" content=\"https:\/\/anatole-paris.com\/wp-content\/uploads\/2021\/08\/ANATOLE-bicolores-LILI-1350-1500-1.jpg\" \/>\n\t<meta property=\"og:image:width\" content=\"1350\" \/>\n\t<meta property=\"og:image:height\" content=\"1500\" \/>\n\t<meta property=\"og:image:type\" content=\"image\/jpeg\" \/>\n<meta name=\"twitter:card\" content=\"summary_large_image\" \/>\n<script type=\"application\/ld+json\" class=\"yoast-schema-graph\">{\"@context\":\"https:\\\/\\\/schema.org\",\"@graph\":[{\"@type\":\"WebPage\",\"@id\":\"https:\\\/\\\/anatole-paris.com\\\/en\\\/shop-umbrella\\\/two-tone-compact-umbrella-lilac-yellow\\\/\",\"url\":\"https:\\\/\\\/anatole-paris.com\\\/en\\\/shop-umbrella\\\/two-tone-compact-umbrella-lilac-yellow\\\/\",\"name\":\"e-shop - ANATOLE \\\"Two tone compact umbrella - LILI - lilac & yellow\\\"\",\"isPartOf\":{\"@id\":\"https:\\\/\\\/anatole-paris.com\\\/#website\"},\"primaryImageOfPage\":{\"@id\":\"https:\\\/\\\/anatole-paris.com\\\/en\\\/shop-umbrella\\\/two-tone-compact-umbrella-lilac-yellow\\\/#primaryimage\"},\"image\":{\"@id\":\"https:\\\/\\\/anatole-paris.com\\\/en\\\/shop-umbrella\\\/two-tone-compact-umbrella-lilac-yellow\\\/#primaryimage\"},\"thumbnailUrl\":\"https:\\\/\\\/anatole-paris.com\\\/wp-content\\\/uploads\\\/2021\\\/08\\\/ANATOLE-bicolores-LILI-1350-1500-1.jpg\",\"datePublished\":\"2021-08-31T11:17:52+00:00\",\"dateModified\":\"2026-04-11T16:48:45+00:00\",\"breadcrumb\":{\"@id\":\"https:\\\/\\\/anatole-paris.com\\\/en\\\/shop-umbrella\\\/two-tone-compact-umbrella-lilac-yellow\\\/#breadcrumb\"},\"inLanguage\":\"en-US\",\"potentialAction\":[{\"@type\":\"ReadAction\",\"target\":[\"https:\\\/\\\/anatole-paris.com\\\/en\\\/shop-umbrella\\\/two-tone-compact-umbrella-lilac-yellow\\\/\"]}]},{\"@type\":\"ImageObject\",\"inLanguage\":\"en-US\",\"@id\":\"https:\\\/\\\/anatole-paris.com\\\/en\\\/shop-umbrella\\\/two-tone-compact-umbrella-lilac-yellow\\\/#primaryimage\",\"url\":\"https:\\\/\\\/anatole-paris.com\\\/wp-content\\\/uploads\\\/2021\\\/08\\\/ANATOLE-bicolores-LILI-1350-1500-1.jpg\",\"contentUrl\":\"https:\\\/\\\/anatole-paris.com\\\/wp-content\\\/uploads\\\/2021\\\/08\\\/ANATOLE-bicolores-LILI-1350-1500-1.jpg\",\"width\":1350,\"height\":1500,\"caption\":\"compact two-tone lilac and yellow Anatole umbrella\"},{\"@type\":\"BreadcrumbList\",\"@id\":\"https:\\\/\\\/anatole-paris.com\\\/en\\\/shop-umbrella\\\/two-tone-compact-umbrella-lilac-yellow\\\/#breadcrumb\",\"itemListElement\":[{\"@type\":\"ListItem\",\"position\":1,\"name\":\"Accueil\",\"item\":\"https:\\\/\\\/anatole-paris.com\\\/en\\\/\"},{\"@type\":\"ListItem\",\"position\":2,\"name\":\"Shop\",\"item\":\"https:\\\/\\\/anatole-paris.com\\\/en\\\/shop-umbrellas\\\/\"},{\"@type\":\"ListItem\",\"position\":3,\"name\":\"Two tone compact umbrella &#8211; LILI &#8211; lilac &#038; yellow\"}]},{\"@type\":\"WebSite\",\"@id\":\"https:\\\/\\\/anatole-paris.com\\\/#website\",\"url\":\"https:\\\/\\\/anatole-paris.com\\\/\",\"name\":\"ANATOLE\",\"description\":\"The new stylish and colourful French umbrella brand. Here is your new must-have fashion accessory, it is a small and strong umbrella that will easily slip into your bag or pocket.\",\"publisher\":{\"@id\":\"https:\\\/\\\/anatole-paris.com\\\/#organization\"},\"potentialAction\":[{\"@type\":\"SearchAction\",\"target\":{\"@type\":\"EntryPoint\",\"urlTemplate\":\"https:\\\/\\\/anatole-paris.com\\\/?s={search_term_string}\"},\"query-input\":{\"@type\":\"PropertyValueSpecification\",\"valueRequired\":true,\"valueName\":\"search_term_string\"}}],\"inLanguage\":\"en-US\"},{\"@type\":\"Organization\",\"@id\":\"https:\\\/\\\/anatole-paris.com\\\/#organization\",\"name\":\"ANATOLE\",\"url\":\"https:\\\/\\\/anatole-paris.com\\\/\",\"logo\":{\"@type\":\"ImageObject\",\"inLanguage\":\"en-US\",\"@id\":\"https:\\\/\\\/anatole-paris.com\\\/#\\\/schema\\\/logo\\\/image\\\/\",\"url\":\"https:\\\/\\\/anatole-paris.com\\\/wp-content\\\/uploads\\\/2024\\\/05\\\/ANATOLE-LOGO.png\",\"contentUrl\":\"https:\\\/\\\/anatole-paris.com\\\/wp-content\\\/uploads\\\/2024\\\/05\\\/ANATOLE-LOGO.png\",\"width\":1627,\"height\":427,\"caption\":\"ANATOLE\"},\"image\":{\"@id\":\"https:\\\/\\\/anatole-paris.com\\\/#\\\/schema\\\/logo\\\/image\\\/\"},\"sameAs\":[\"https:\\\/\\\/www.instagram.com\\\/anatoleofficial\\\/\"]}]}<\/script>\n<!-- \/ Yoast SEO plugin. -->","yoast_head_json":{"title":"e-shop - ANATOLE \"Two tone compact umbrella - LILI - lilac & yellow\"","robots":{"index":"index","follow":"follow","max-snippet":"max-snippet:-1","max-image-preview":"max-image-preview:large","max-video-preview":"max-video-preview:-1"},"canonical":"https:\/\/anatole-paris.com\/en\/shop-umbrella\/two-tone-compact-umbrella-lilac-yellow\/","og_locale":"en_US","og_type":"article","og_title":"e-shop - ANATOLE \"Two tone compact umbrella - LILI - lilac & yellow\"","og_description":"We have juxtaposed our beautiful new lilac and yellow on each side of a curved line to produce an imperfect symetrical impression. The simplicity of this unbalanced effect actually feels really right.  See technical specifications  &nbsp;","og_url":"https:\/\/anatole-paris.com\/en\/shop-umbrella\/two-tone-compact-umbrella-lilac-yellow\/","og_site_name":"ANATOLE","article_modified_time":"2026-04-11T16:48:45+00:00","og_image":[{"width":1350,"height":1500,"url":"https:\/\/anatole-paris.com\/wp-content\/uploads\/2021\/08\/ANATOLE-bicolores-LILI-1350-1500-1.jpg","type":"image\/jpeg"}],"twitter_card":"summary_large_image","schema":{"@context":"https:\/\/schema.org","@graph":[{"@type":"WebPage","@id":"https:\/\/anatole-paris.com\/en\/shop-umbrella\/two-tone-compact-umbrella-lilac-yellow\/","url":"https:\/\/anatole-paris.com\/en\/shop-umbrella\/two-tone-compact-umbrella-lilac-yellow\/","name":"e-shop - ANATOLE \"Two tone compact umbrella - LILI - lilac & yellow\"","isPartOf":{"@id":"https:\/\/anatole-paris.com\/#website"},"primaryImageOfPage":{"@id":"https:\/\/anatole-paris.com\/en\/shop-umbrella\/two-tone-compact-umbrella-lilac-yellow\/#primaryimage"},"image":{"@id":"https:\/\/anatole-paris.com\/en\/shop-umbrella\/two-tone-compact-umbrella-lilac-yellow\/#primaryimage"},"thumbnailUrl":"https:\/\/anatole-paris.com\/wp-content\/uploads\/2021\/08\/ANATOLE-bicolores-LILI-1350-1500-1.jpg","datePublished":"2021-08-31T11:17:52+00:00","dateModified":"2026-04-11T16:48:45+00:00","breadcrumb":{"@id":"https:\/\/anatole-paris.com\/en\/shop-umbrella\/two-tone-compact-umbrella-lilac-yellow\/#breadcrumb"},"inLanguage":"en-US","potentialAction":[{"@type":"ReadAction","target":["https:\/\/anatole-paris.com\/en\/shop-umbrella\/two-tone-compact-umbrella-lilac-yellow\/"]}]},{"@type":"ImageObject","inLanguage":"en-US","@id":"https:\/\/anatole-paris.com\/en\/shop-umbrella\/two-tone-compact-umbrella-lilac-yellow\/#primaryimage","url":"https:\/\/anatole-paris.com\/wp-content\/uploads\/2021\/08\/ANATOLE-bicolores-LILI-1350-1500-1.jpg","contentUrl":"https:\/\/anatole-paris.com\/wp-content\/uploads\/2021\/08\/ANATOLE-bicolores-LILI-1350-1500-1.jpg","width":1350,"height":1500,"caption":"compact two-tone lilac and yellow Anatole umbrella"},{"@type":"BreadcrumbList","@id":"https:\/\/anatole-paris.com\/en\/shop-umbrella\/two-tone-compact-umbrella-lilac-yellow\/#breadcrumb","itemListElement":[{"@type":"ListItem","position":1,"name":"Accueil","item":"https:\/\/anatole-paris.com\/en\/"},{"@type":"ListItem","position":2,"name":"Shop","item":"https:\/\/anatole-paris.com\/en\/shop-umbrellas\/"},{"@type":"ListItem","position":3,"name":"Two tone compact umbrella &#8211; LILI &#8211; lilac &#038; yellow"}]},{"@type":"WebSite","@id":"https:\/\/anatole-paris.com\/#website","url":"https:\/\/anatole-paris.com\/","name":"ANATOLE","description":"The new stylish and colourful French umbrella brand. Here is your new must-have fashion accessory, it is a small and strong umbrella that will easily slip into your bag or pocket.","publisher":{"@id":"https:\/\/anatole-paris.com\/#organization"},"potentialAction":[{"@type":"SearchAction","target":{"@type":"EntryPoint","urlTemplate":"https:\/\/anatole-paris.com\/?s={search_term_string}"},"query-input":{"@type":"PropertyValueSpecification","valueRequired":true,"valueName":"search_term_string"}}],"inLanguage":"en-US"},{"@type":"Organization","@id":"https:\/\/anatole-paris.com\/#organization","name":"ANATOLE","url":"https:\/\/anatole-paris.com\/","logo":{"@type":"ImageObject","inLanguage":"en-US","@id":"https:\/\/anatole-paris.com\/#\/schema\/logo\/image\/","url":"https:\/\/anatole-paris.com\/wp-content\/uploads\/2024\/05\/ANATOLE-LOGO.png","contentUrl":"https:\/\/anatole-paris.com\/wp-content\/uploads\/2024\/05\/ANATOLE-LOGO.png","width":1627,"height":427,"caption":"ANATOLE"},"image":{"@id":"https:\/\/anatole-paris.com\/#\/schema\/logo\/image\/"},"sameAs":["https:\/\/www.instagram.com\/anatoleofficial\/"]}]}},"_sku":"R102LIJN","_regular_price":"38","_sale_price":"","_sale_price_dates_from":"","_sale_price_dates_to":"","total_sales":"2332","_tax_status":"taxable","_tax_class":"","_manage_stock":"yes","_backorders":"no","_sold_individually":"no","_weight":"","_length":"","_width":"","_height":"","_upsell_ids":"","_crosssell_ids":[],"_purchase_note":"","_default_attributes":"","_virtual":"no","_downloadable":"no","_product_image_gallery":"30395,20240,19591,20238,7973","_download_limit":"-1","_download_expiry":"-1","_stock":"253","_stock_status":"instock","_wc_average_rating":0,"_wc_rating_count":"","_wc_review_count":"0","_downloadable_files":"","_product_attributes":{"finition-poignee":{"name":"Finition poign\u00e9e :","value":"Poign\u00e9e bois blanc | Poign\u00e9e bois naturel","position":0,"is_visible":0,"is_variation":0,"is_taxonomy":0}},"_product_version":"10.4.4","_price":"38","wc_productdata_options":[{"_product_block":"0","_top_content":"","_bottom_content":"","_bubble_new":"","_bubble_text":"","_custom_tab_title":"","_custom_tab":"","_product_video":"","_product_video_size":"","_product_video_placement":""}],"_edit_lock":"1633046676:1","_edit_last":"","_um_custom_access_settings":"","_um_accessible":"","_um_access_redirect2":"","_um_access_roles":"","_um_access_redirect":"","_yoast_wpseo_focuskw_text_input":"","_yoast_wpseo_focuskw":"blue umbrella","pm_meta_templ_id":"","_yoast_wpseo_primary_product_cat":"","_wp_old_slug":"bicolour-micro-umbrella-lilac-yellow","_wpml_media_duplicate":"1","_wpml_media_featured":"1","_alp_processed":"1697212127","_wcj_price_by_country_1":"","_yoast_wpseo_title":"","fb_visibility":"yes","fb_product_group_id":"3745752522126219","fb_product_item_id":"3745752552126216","fb_product_description":"","_wpml_word_count":"{\"total\":0,\"to_translate\":{\"en\":82,\"fr\":82}}","_low_stock_amount":"","_yoast_wpseo_linkdex":"18","_yoast_wpseo_content_score":"90","_yoast_wpseo_metadesc":"","_wpml_media_has_media":"1","_wpml_location_migration_done":"","_wc_facebook_sync_enabled":"yes","_wcj_price_by_user_role_per_product_settings_enabled":"","wcml_sync_hash":{"postmeta_fields":"246792608c841181e8ffed2cec0b6ac1"},"attr_label_translations":{"en":{"finition-poignee":"Finition poign\u00e9e :"}},"_children":"","_thumbnail_id":"13928","_last_translation_edit_mode":"translation-editor","fb_image":"","fb_sync_status":"","_vies_product_is_service":"","_wc_facebook_product_image_source":"product","_wcml_average_rating":"","_wcml_review_count":"","_wp_old_date":"","_yoast_wpseo_meta-robots-nofollow":"","_product_code":"","_wcj_price_by_user_role_regular_price_btob":"","_wcj_price_by_user_role_sale_price_btob":"","_wcj_price_by_user_role_empty_price_btob":"","_wp_desired_post_slug":"","_wp_trash_meta_status":"","_wp_trash_meta_time":"","_links":{"self":[{"href":"https:\/\/anatole-paris.com\/en\/wp-json\/wp\/v2\/product\/13701","targetHints":{"allow":["GET"]}}],"collection":[{"href":"https:\/\/anatole-paris.com\/en\/wp-json\/wp\/v2\/product"}],"about":[{"href":"https:\/\/anatole-paris.com\/en\/wp-json\/wp\/v2\/types\/product"}],"wp:featuredmedia":[{"embeddable":true,"href":"https:\/\/anatole-paris.com\/en\/wp-json\/wp\/v2\/media\/13928"}],"wp:attachment":[{"href":"https:\/\/anatole-paris.com\/en\/wp-json\/wp\/v2\/media?parent=13701"}],"wp:term":[{"taxonomy":"product_brand","embeddable":true,"href":"https:\/\/anatole-paris.com\/en\/wp-json\/wp\/v2\/product_brand?post=13701"},{"taxonomy":"product_type","embeddable":true,"href":"https:\/\/anatole-paris.com\/en\/wp-json\/wp\/v2\/product_type?post=13701"}],"curies":[{"name":"wp","href":"https:\/\/api.w.org\/{rel}","templated":true}]}}