{"id":16192,"date":"2022-08-06T04:50:22","date_gmt":"2022-08-06T04:50:22","guid":{"rendered":"https:\/\/anatole-paris.com\/?post_type=product&#038;p=16192"},"modified":"2026-03-15T20:57:38","modified_gmt":"2026-03-15T20:57:38","slug":"compact-umbrella-black-chartreuse-gingham-check","status":"publish","type":"product","link":"https:\/\/anatole-paris.com\/en\/shop-umbrella\/compact-umbrella-black-chartreuse-gingham-check\/","title":{"rendered":"Black &#038; chartreuse gingham compact umbrella &#8211; WILTON"},"content":{"rendered":"<p><a name=\"specifications\"><\/a> \u00a0 Technical specifications of the umbrella :<\/p>\n<p>WEIGHT : 245g<\/p>\n<p>LENGTH WHEN CLOSED : 17,5cm<\/p>\n<p>DIAMETER WHEN OPENED : 84cm<\/p>\n<p>RIBS : 7 fiberglass ribs with carbone reinforcments. Both materials are strong and light. Fiberglass is flexible and helps resist against strong winds.<\/p>\n<p>OPEN\/CLOSE : manual (to optimize light weight)<\/p>\n<p>COVER : microfibre polyester<\/p>\n<p>FASTENING : stainless steel press stud<\/p>\n<p>HANDLE : natural wood engraved with \u2018ANATOLE\u2019 logo<\/p>\n<p>STRAP : navy grosgrain<\/p>\n","protected":false},"excerpt":{"rendered":"<p>The black and chartreuse mini umbrella from WILTON has a gingham check print that&#8217;s both modern and stylish, thanks to a fresh new graphic design. As with all our umbrellas, it&#8217;s great for men and women alike.<\/p>\n<p><b><a href=\"#specifications\">See technical specifications<\/a><\/b><\/p>\n","protected":false},"featured_media":16174,"template":"","meta":[],"product_brand":[],"product_type":[2],"class_list":{"0":"post-16192","1":"product","2":"type-product","3":"status-publish","4":"has-post-thumbnail","6":"product_cat-folding-umbrellas","8":"first","9":"instock","10":"taxable","11":"shipping-taxable","12":"purchasable","13":"product-type-simple"},"yoast_head":"<!-- This site is optimized with the Yoast SEO plugin v27.4 - https:\/\/yoast.com\/product\/yoast-seo-wordpress\/ -->\n<title>Black &amp; chartreuse gingham umbrella - Anatole mini-umbrella<\/title>\n<meta name=\"description\" content=\"The black and chartreuse mini umbrella from WILTON has a gingham check print that&#039;s both modern and stylish, thanks to a fresh new graphic design.\" \/>\n<meta name=\"robots\" content=\"index, follow, max-snippet:-1, max-image-preview:large, max-video-preview:-1\" \/>\n<link rel=\"canonical\" href=\"https:\/\/anatole-paris.com\/en\/shop-umbrella\/compact-umbrella-black-chartreuse-gingham-check\/\" \/>\n<meta property=\"og:locale\" content=\"en_US\" \/>\n<meta property=\"og:type\" content=\"article\" \/>\n<meta property=\"og:title\" content=\"Black &amp; chartreuse gingham umbrella - Anatole mini-umbrella\" \/>\n<meta property=\"og:description\" content=\"The black and chartreuse mini umbrella from WILTON has a gingham check print that&#039;s both modern and stylish, thanks to a fresh new graphic design.\" \/>\n<meta property=\"og:url\" content=\"https:\/\/anatole-paris.com\/en\/shop-umbrella\/compact-umbrella-black-chartreuse-gingham-check\/\" \/>\n<meta property=\"og:site_name\" content=\"ANATOLE\" \/>\n<meta property=\"article:modified_time\" content=\"2026-03-15T20:57:38+00:00\" \/>\n<meta property=\"og:image\" content=\"https:\/\/anatole-paris.com\/wp-content\/uploads\/2022\/08\/Mini-parapluie-Vichy-noir-anis-WILTON-Anatole-parapluie-ouvert.jpg\" \/>\n\t<meta property=\"og:image:width\" content=\"1350\" \/>\n\t<meta property=\"og:image:height\" content=\"1500\" \/>\n\t<meta property=\"og:image:type\" content=\"image\/jpeg\" \/>\n<meta name=\"twitter:card\" content=\"summary_large_image\" \/>\n<meta name=\"twitter:label1\" content=\"Est. reading time\" \/>\n\t<meta name=\"twitter:data1\" content=\"1 minute\" \/>\n<script type=\"application\/ld+json\" class=\"yoast-schema-graph\">{\"@context\":\"https:\\\/\\\/schema.org\",\"@graph\":[{\"@type\":\"WebPage\",\"@id\":\"https:\\\/\\\/anatole-paris.com\\\/en\\\/shop-umbrella\\\/compact-umbrella-black-chartreuse-gingham-check\\\/\",\"url\":\"https:\\\/\\\/anatole-paris.com\\\/en\\\/shop-umbrella\\\/compact-umbrella-black-chartreuse-gingham-check\\\/\",\"name\":\"Black & chartreuse gingham umbrella - Anatole mini-umbrella\",\"isPartOf\":{\"@id\":\"https:\\\/\\\/anatole-paris.com\\\/#website\"},\"primaryImageOfPage\":{\"@id\":\"https:\\\/\\\/anatole-paris.com\\\/en\\\/shop-umbrella\\\/compact-umbrella-black-chartreuse-gingham-check\\\/#primaryimage\"},\"image\":{\"@id\":\"https:\\\/\\\/anatole-paris.com\\\/en\\\/shop-umbrella\\\/compact-umbrella-black-chartreuse-gingham-check\\\/#primaryimage\"},\"thumbnailUrl\":\"https:\\\/\\\/anatole-paris.com\\\/wp-content\\\/uploads\\\/2022\\\/08\\\/Mini-parapluie-Vichy-noir-anis-WILTON-Anatole-parapluie-ouvert.jpg\",\"datePublished\":\"2022-08-06T04:50:22+00:00\",\"dateModified\":\"2026-03-15T20:57:38+00:00\",\"description\":\"The black and chartreuse mini umbrella from WILTON has a gingham check print that's both modern and stylish, thanks to a fresh new graphic design.\",\"breadcrumb\":{\"@id\":\"https:\\\/\\\/anatole-paris.com\\\/en\\\/shop-umbrella\\\/compact-umbrella-black-chartreuse-gingham-check\\\/#breadcrumb\"},\"inLanguage\":\"en-US\",\"potentialAction\":[{\"@type\":\"ReadAction\",\"target\":[\"https:\\\/\\\/anatole-paris.com\\\/en\\\/shop-umbrella\\\/compact-umbrella-black-chartreuse-gingham-check\\\/\"]}]},{\"@type\":\"ImageObject\",\"inLanguage\":\"en-US\",\"@id\":\"https:\\\/\\\/anatole-paris.com\\\/en\\\/shop-umbrella\\\/compact-umbrella-black-chartreuse-gingham-check\\\/#primaryimage\",\"url\":\"https:\\\/\\\/anatole-paris.com\\\/wp-content\\\/uploads\\\/2022\\\/08\\\/Mini-parapluie-Vichy-noir-anis-WILTON-Anatole-parapluie-ouvert.jpg\",\"contentUrl\":\"https:\\\/\\\/anatole-paris.com\\\/wp-content\\\/uploads\\\/2022\\\/08\\\/Mini-parapluie-Vichy-noir-anis-WILTON-Anatole-parapluie-ouvert.jpg\",\"width\":1350,\"height\":1500,\"caption\":\"Pocket compact umbrella - black\\\/chartreuse gingham WILTON - Anatole\"},{\"@type\":\"BreadcrumbList\",\"@id\":\"https:\\\/\\\/anatole-paris.com\\\/en\\\/shop-umbrella\\\/compact-umbrella-black-chartreuse-gingham-check\\\/#breadcrumb\",\"itemListElement\":[{\"@type\":\"ListItem\",\"position\":1,\"name\":\"Accueil\",\"item\":\"https:\\\/\\\/anatole-paris.com\\\/en\\\/\"},{\"@type\":\"ListItem\",\"position\":2,\"name\":\"Shop\",\"item\":\"https:\\\/\\\/anatole-paris.com\\\/en\\\/shop-umbrellas\\\/\"},{\"@type\":\"ListItem\",\"position\":3,\"name\":\"Black &#038; chartreuse gingham compact umbrella &#8211; WILTON\"}]},{\"@type\":\"WebSite\",\"@id\":\"https:\\\/\\\/anatole-paris.com\\\/#website\",\"url\":\"https:\\\/\\\/anatole-paris.com\\\/\",\"name\":\"ANATOLE\",\"description\":\"The new stylish and colourful French umbrella brand. Here is your new must-have fashion accessory, it is a small and strong umbrella that will easily slip into your bag or pocket.\",\"publisher\":{\"@id\":\"https:\\\/\\\/anatole-paris.com\\\/#organization\"},\"potentialAction\":[{\"@type\":\"SearchAction\",\"target\":{\"@type\":\"EntryPoint\",\"urlTemplate\":\"https:\\\/\\\/anatole-paris.com\\\/?s={search_term_string}\"},\"query-input\":{\"@type\":\"PropertyValueSpecification\",\"valueRequired\":true,\"valueName\":\"search_term_string\"}}],\"inLanguage\":\"en-US\"},{\"@type\":\"Organization\",\"@id\":\"https:\\\/\\\/anatole-paris.com\\\/#organization\",\"name\":\"ANATOLE\",\"url\":\"https:\\\/\\\/anatole-paris.com\\\/\",\"logo\":{\"@type\":\"ImageObject\",\"inLanguage\":\"en-US\",\"@id\":\"https:\\\/\\\/anatole-paris.com\\\/#\\\/schema\\\/logo\\\/image\\\/\",\"url\":\"https:\\\/\\\/anatole-paris.com\\\/wp-content\\\/uploads\\\/2024\\\/05\\\/ANATOLE-LOGO.png\",\"contentUrl\":\"https:\\\/\\\/anatole-paris.com\\\/wp-content\\\/uploads\\\/2024\\\/05\\\/ANATOLE-LOGO.png\",\"width\":1627,\"height\":427,\"caption\":\"ANATOLE\"},\"image\":{\"@id\":\"https:\\\/\\\/anatole-paris.com\\\/#\\\/schema\\\/logo\\\/image\\\/\"},\"sameAs\":[\"https:\\\/\\\/www.instagram.com\\\/anatoleofficial\\\/\"]}]}<\/script>\n<!-- \/ Yoast SEO plugin. -->","yoast_head_json":{"title":"Black & chartreuse gingham umbrella - Anatole mini-umbrella","description":"The black and chartreuse mini umbrella from WILTON has a gingham check print that's both modern and stylish, thanks to a fresh new graphic design.","robots":{"index":"index","follow":"follow","max-snippet":"max-snippet:-1","max-image-preview":"max-image-preview:large","max-video-preview":"max-video-preview:-1"},"canonical":"https:\/\/anatole-paris.com\/en\/shop-umbrella\/compact-umbrella-black-chartreuse-gingham-check\/","og_locale":"en_US","og_type":"article","og_title":"Black & chartreuse gingham umbrella - Anatole mini-umbrella","og_description":"The black and chartreuse mini umbrella from WILTON has a gingham check print that's both modern and stylish, thanks to a fresh new graphic design.","og_url":"https:\/\/anatole-paris.com\/en\/shop-umbrella\/compact-umbrella-black-chartreuse-gingham-check\/","og_site_name":"ANATOLE","article_modified_time":"2026-03-15T20:57:38+00:00","og_image":[{"width":1350,"height":1500,"url":"https:\/\/anatole-paris.com\/wp-content\/uploads\/2022\/08\/Mini-parapluie-Vichy-noir-anis-WILTON-Anatole-parapluie-ouvert.jpg","type":"image\/jpeg"}],"twitter_card":"summary_large_image","twitter_misc":{"Est. reading time":"1 minute"},"schema":{"@context":"https:\/\/schema.org","@graph":[{"@type":"WebPage","@id":"https:\/\/anatole-paris.com\/en\/shop-umbrella\/compact-umbrella-black-chartreuse-gingham-check\/","url":"https:\/\/anatole-paris.com\/en\/shop-umbrella\/compact-umbrella-black-chartreuse-gingham-check\/","name":"Black & chartreuse gingham umbrella - Anatole mini-umbrella","isPartOf":{"@id":"https:\/\/anatole-paris.com\/#website"},"primaryImageOfPage":{"@id":"https:\/\/anatole-paris.com\/en\/shop-umbrella\/compact-umbrella-black-chartreuse-gingham-check\/#primaryimage"},"image":{"@id":"https:\/\/anatole-paris.com\/en\/shop-umbrella\/compact-umbrella-black-chartreuse-gingham-check\/#primaryimage"},"thumbnailUrl":"https:\/\/anatole-paris.com\/wp-content\/uploads\/2022\/08\/Mini-parapluie-Vichy-noir-anis-WILTON-Anatole-parapluie-ouvert.jpg","datePublished":"2022-08-06T04:50:22+00:00","dateModified":"2026-03-15T20:57:38+00:00","description":"The black and chartreuse mini umbrella from WILTON has a gingham check print that's both modern and stylish, thanks to a fresh new graphic design.","breadcrumb":{"@id":"https:\/\/anatole-paris.com\/en\/shop-umbrella\/compact-umbrella-black-chartreuse-gingham-check\/#breadcrumb"},"inLanguage":"en-US","potentialAction":[{"@type":"ReadAction","target":["https:\/\/anatole-paris.com\/en\/shop-umbrella\/compact-umbrella-black-chartreuse-gingham-check\/"]}]},{"@type":"ImageObject","inLanguage":"en-US","@id":"https:\/\/anatole-paris.com\/en\/shop-umbrella\/compact-umbrella-black-chartreuse-gingham-check\/#primaryimage","url":"https:\/\/anatole-paris.com\/wp-content\/uploads\/2022\/08\/Mini-parapluie-Vichy-noir-anis-WILTON-Anatole-parapluie-ouvert.jpg","contentUrl":"https:\/\/anatole-paris.com\/wp-content\/uploads\/2022\/08\/Mini-parapluie-Vichy-noir-anis-WILTON-Anatole-parapluie-ouvert.jpg","width":1350,"height":1500,"caption":"Pocket compact umbrella - black\/chartreuse gingham WILTON - Anatole"},{"@type":"BreadcrumbList","@id":"https:\/\/anatole-paris.com\/en\/shop-umbrella\/compact-umbrella-black-chartreuse-gingham-check\/#breadcrumb","itemListElement":[{"@type":"ListItem","position":1,"name":"Accueil","item":"https:\/\/anatole-paris.com\/en\/"},{"@type":"ListItem","position":2,"name":"Shop","item":"https:\/\/anatole-paris.com\/en\/shop-umbrellas\/"},{"@type":"ListItem","position":3,"name":"Black &#038; chartreuse gingham compact umbrella &#8211; WILTON"}]},{"@type":"WebSite","@id":"https:\/\/anatole-paris.com\/#website","url":"https:\/\/anatole-paris.com\/","name":"ANATOLE","description":"The new stylish and colourful French umbrella brand. Here is your new must-have fashion accessory, it is a small and strong umbrella that will easily slip into your bag or pocket.","publisher":{"@id":"https:\/\/anatole-paris.com\/#organization"},"potentialAction":[{"@type":"SearchAction","target":{"@type":"EntryPoint","urlTemplate":"https:\/\/anatole-paris.com\/?s={search_term_string}"},"query-input":{"@type":"PropertyValueSpecification","valueRequired":true,"valueName":"search_term_string"}}],"inLanguage":"en-US"},{"@type":"Organization","@id":"https:\/\/anatole-paris.com\/#organization","name":"ANATOLE","url":"https:\/\/anatole-paris.com\/","logo":{"@type":"ImageObject","inLanguage":"en-US","@id":"https:\/\/anatole-paris.com\/#\/schema\/logo\/image\/","url":"https:\/\/anatole-paris.com\/wp-content\/uploads\/2024\/05\/ANATOLE-LOGO.png","contentUrl":"https:\/\/anatole-paris.com\/wp-content\/uploads\/2024\/05\/ANATOLE-LOGO.png","width":1627,"height":427,"caption":"ANATOLE"},"image":{"@id":"https:\/\/anatole-paris.com\/#\/schema\/logo\/image\/"},"sameAs":["https:\/\/www.instagram.com\/anatoleofficial\/"]}]}},"_sku":"R105NRAN","_regular_price":"42","_sale_price":"","_sale_price_dates_from":"","_sale_price_dates_to":"","total_sales":"529","_tax_status":"taxable","_tax_class":"","_manage_stock":"yes","_backorders":"no","_sold_individually":"no","_weight":"","_length":"","_width":"","_height":"","_upsell_ids":"","_crosssell_ids":[],"_purchase_note":"","_default_attributes":"","_virtual":"no","_downloadable":"no","_product_image_gallery":"30409,17296,17280,17294","_download_limit":"-1","_download_expiry":"-1","_stock":"330","_stock_status":"instock","_wc_average_rating":0,"_wc_rating_count":"","_wc_review_count":"0","_downloadable_files":"","_product_attributes":{"finition-poignee":{"name":"Finition poign\u00e9e :","value":"Poign\u00e9e bois blanc | Poign\u00e9e bois naturel","position":0,"is_visible":0,"is_variation":0,"is_taxonomy":0}},"_product_version":"10.4.4","_price":"42","wc_productdata_options":[{"_product_block":"0","_top_content":"","_bottom_content":"","_bubble_new":"","_bubble_text":"","_custom_tab_title":"","_custom_tab":"","_product_video":"","_product_video_size":"","_product_video_placement":""}],"_edit_lock":"1728573154:2942","_edit_last":"2942","_um_custom_access_settings":"","_um_accessible":"","_um_access_redirect2":"","_um_access_roles":"","_um_access_redirect":"","_yoast_wpseo_focuskw_text_input":"","_yoast_wpseo_focuskw":"Black and chartreuse gingham umbrella","pm_meta_templ_id":"","_yoast_wpseo_primary_product_cat":"","_wp_old_slug":"compact-umbrella-black-anise-gingham-check","_wpml_media_duplicate":"1","_wpml_media_featured":"1","_alp_processed":"1728573291","_wcj_price_by_country_1":"","_yoast_wpseo_title":"Black & chartreuse gingham umbrella %%sep%% Anatole mini-umbrella","fb_visibility":"","fb_product_group_id":"","fb_product_item_id":"","fb_product_description":"","_wpml_word_count":"{\"total\":0,\"to_translate\":{\"en\":131,\"fr\":131}}","_low_stock_amount":"","_yoast_wpseo_linkdex":"46","_yoast_wpseo_content_score":"90","_yoast_wpseo_metadesc":"The black and chartreuse mini umbrella from WILTON has a gingham check print that's both modern and stylish, thanks to a fresh new graphic design.","_wpml_media_has_media":"","_wpml_location_migration_done":"","_wc_facebook_sync_enabled":"yes","_wcj_price_by_user_role_per_product_settings_enabled":"no","wcml_sync_hash":{"postmeta_fields":"221c7042c4efc8723156073adb51ee53"},"attr_label_translations":{"en":{"finition-poignee":"Finition poign\u00e9e :"}},"_children":"","_thumbnail_id":"16174","_last_translation_edit_mode":"native-editor","fb_image":"","fb_sync_status":"","_vies_product_is_service":"no","_wc_facebook_product_image_source":"product","_wcml_average_rating":"","_wcml_review_count":"","_wp_old_date":"","_yoast_wpseo_meta-robots-nofollow":"","_product_code":"3770011265169","_wcj_price_by_user_role_regular_price_btob":"","_wcj_price_by_user_role_sale_price_btob":"","_wcj_price_by_user_role_empty_price_btob":"","_wp_desired_post_slug":"","_wp_trash_meta_status":"","_wp_trash_meta_time":"","_links":{"self":[{"href":"https:\/\/anatole-paris.com\/en\/wp-json\/wp\/v2\/product\/16192","targetHints":{"allow":["GET"]}}],"collection":[{"href":"https:\/\/anatole-paris.com\/en\/wp-json\/wp\/v2\/product"}],"about":[{"href":"https:\/\/anatole-paris.com\/en\/wp-json\/wp\/v2\/types\/product"}],"wp:featuredmedia":[{"embeddable":true,"href":"https:\/\/anatole-paris.com\/en\/wp-json\/wp\/v2\/media\/16174"}],"wp:attachment":[{"href":"https:\/\/anatole-paris.com\/en\/wp-json\/wp\/v2\/media?parent=16192"}],"wp:term":[{"taxonomy":"product_brand","embeddable":true,"href":"https:\/\/anatole-paris.com\/en\/wp-json\/wp\/v2\/product_brand?post=16192"},{"taxonomy":"product_type","embeddable":true,"href":"https:\/\/anatole-paris.com\/en\/wp-json\/wp\/v2\/product_type?post=16192"}],"curies":[{"name":"wp","href":"https:\/\/api.w.org\/{rel}","templated":true}]}}