{"id":3520,"date":"2017-08-01T16:19:56","date_gmt":"2017-08-01T16:19:56","guid":{"rendered":"http:\/\/anatole-paris.com\/acheter-parapluie-en-ligne\/pale-pink-folding-umbrella-duke\/"},"modified":"2026-02-23T01:50:42","modified_gmt":"2026-02-23T01:50:42","slug":"coral-pink-folding-compact-umbrella","status":"publish","type":"product","link":"https:\/\/anatole-paris.com\/en\/shop-umbrella\/coral-pink-folding-compact-umbrella\/","title":{"rendered":"Coral pink folding compact umbrella &#8211; MADELEINE"},"content":{"rendered":"<p><a name=\"specifications\"><\/a><\/p>\n<p>&nbsp;<\/p>\n<p>Technical specifications of the umbrella :<\/p>\n<p>WEIGHT : 220g<\/p>\n<p>LENGTH WHEN CLOSED : 17,5cm<\/p>\n<p>DIAMETER WHEN OPENED : 84cm<\/p>\n<p>RIBS : 7 fiberglass ribs with carbone reinforcments. Both materials are strong and light. Fiberglass is flexible and helps resist against strong winds.<\/p>\n<p>OPEN\/CLOSE : manual (to optimize light weight)<\/p>\n<p>COVER : microfibre polyester<\/p>\n<p>FASTENING : stainless steel press stud<\/p>\n<p>HANDLE : natural wood engraved with \u2018ANATOLE\u2019 logo<\/p>\n<p>STRAP : black and white grosgrain<\/p>\n<p>&nbsp;<\/p>\n","protected":false},"excerpt":{"rendered":"<p>This pink umbrella will be spectacular worn alongside most trendy colours this season. Try it with burgundy, mustard or navy blue clothes : every pairing will be a success.<\/p>\n<p><b><a href=\"#specifications\">Go to technical specifications<\/a><\/b><\/p>\n","protected":false},"featured_media":30363,"template":"","meta":[],"product_brand":[],"product_type":[2],"class_list":{"0":"post-3520","1":"product","2":"type-product","3":"status-publish","4":"has-post-thumbnail","6":"product_cat-folding-umbrellas","8":"first","9":"instock","10":"taxable","11":"shipping-taxable","12":"purchasable","13":"product-type-simple"},"yoast_head":"<!-- This site is optimized with the Yoast SEO plugin v27.4 - https:\/\/yoast.com\/product\/yoast-seo-wordpress\/ -->\n<title>Pink folding umbrella - ANATOLE - urban micro-umbrellas<\/title>\n<meta name=\"description\" content=\"This pink umbrella will be spectacular worn alongside most colours this season. Order your umbrella online, we ship worldwide.\" \/>\n<meta name=\"robots\" content=\"index, follow, max-snippet:-1, max-image-preview:large, max-video-preview:-1\" \/>\n<link rel=\"canonical\" href=\"https:\/\/anatole-paris.com\/en\/shop-umbrella\/coral-pink-folding-compact-umbrella\/\" \/>\n<meta property=\"og:locale\" content=\"en_US\" \/>\n<meta property=\"og:type\" content=\"article\" \/>\n<meta property=\"og:title\" content=\"Pink folding umbrella - ANATOLE - urban micro-umbrellas\" \/>\n<meta property=\"og:description\" content=\"This pink umbrella will be spectacular worn alongside most colours this season. Order your umbrella online, we ship worldwide.\" \/>\n<meta property=\"og:url\" content=\"https:\/\/anatole-paris.com\/en\/shop-umbrella\/coral-pink-folding-compact-umbrella\/\" \/>\n<meta property=\"og:site_name\" content=\"ANATOLE\" \/>\n<meta property=\"article:modified_time\" content=\"2026-02-23T01:50:42+00:00\" \/>\n<meta property=\"og:image\" content=\"https:\/\/anatole-paris.com\/wp-content\/uploads\/2023\/08\/Mini-parapluie-rose-corail-parapluie-pliant-Anatole-Madeleine.jpg\" \/>\n\t<meta property=\"og:image:width\" content=\"1350\" \/>\n\t<meta property=\"og:image:height\" content=\"1500\" \/>\n\t<meta property=\"og:image:type\" content=\"image\/jpeg\" \/>\n<meta name=\"twitter:card\" content=\"summary_large_image\" \/>\n<meta name=\"twitter:label1\" content=\"Est. reading time\" \/>\n\t<meta name=\"twitter:data1\" content=\"1 minute\" \/>\n<script type=\"application\/ld+json\" class=\"yoast-schema-graph\">{\"@context\":\"https:\\\/\\\/schema.org\",\"@graph\":[{\"@type\":\"WebPage\",\"@id\":\"https:\\\/\\\/anatole-paris.com\\\/en\\\/shop-umbrella\\\/coral-pink-folding-compact-umbrella\\\/\",\"url\":\"https:\\\/\\\/anatole-paris.com\\\/en\\\/shop-umbrella\\\/coral-pink-folding-compact-umbrella\\\/\",\"name\":\"Pink folding umbrella - ANATOLE - urban micro-umbrellas\",\"isPartOf\":{\"@id\":\"https:\\\/\\\/anatole-paris.com\\\/#website\"},\"primaryImageOfPage\":{\"@id\":\"https:\\\/\\\/anatole-paris.com\\\/en\\\/shop-umbrella\\\/coral-pink-folding-compact-umbrella\\\/#primaryimage\"},\"image\":{\"@id\":\"https:\\\/\\\/anatole-paris.com\\\/en\\\/shop-umbrella\\\/coral-pink-folding-compact-umbrella\\\/#primaryimage\"},\"thumbnailUrl\":\"https:\\\/\\\/anatole-paris.com\\\/wp-content\\\/uploads\\\/2017\\\/08\\\/ANATOLE-R101ROSE-Madeleine-Produit-Pack.jpg\",\"datePublished\":\"2017-08-01T16:19:56+00:00\",\"dateModified\":\"2026-02-23T01:50:42+00:00\",\"description\":\"This pink umbrella will be spectacular worn alongside most colours this season. Order your umbrella online, we ship worldwide.\",\"breadcrumb\":{\"@id\":\"https:\\\/\\\/anatole-paris.com\\\/en\\\/shop-umbrella\\\/coral-pink-folding-compact-umbrella\\\/#breadcrumb\"},\"inLanguage\":\"en-US\",\"potentialAction\":[{\"@type\":\"ReadAction\",\"target\":[\"https:\\\/\\\/anatole-paris.com\\\/en\\\/shop-umbrella\\\/coral-pink-folding-compact-umbrella\\\/\"]}]},{\"@type\":\"ImageObject\",\"inLanguage\":\"en-US\",\"@id\":\"https:\\\/\\\/anatole-paris.com\\\/en\\\/shop-umbrella\\\/coral-pink-folding-compact-umbrella\\\/#primaryimage\",\"url\":\"https:\\\/\\\/anatole-paris.com\\\/wp-content\\\/uploads\\\/2017\\\/08\\\/ANATOLE-R101ROSE-Madeleine-Produit-Pack.jpg\",\"contentUrl\":\"https:\\\/\\\/anatole-paris.com\\\/wp-content\\\/uploads\\\/2017\\\/08\\\/ANATOLE-R101ROSE-Madeleine-Produit-Pack.jpg\",\"width\":1350,\"height\":1500,\"caption\":\"ANATOLE - Madeleine - Produit + Pack\"},{\"@type\":\"BreadcrumbList\",\"@id\":\"https:\\\/\\\/anatole-paris.com\\\/en\\\/shop-umbrella\\\/coral-pink-folding-compact-umbrella\\\/#breadcrumb\",\"itemListElement\":[{\"@type\":\"ListItem\",\"position\":1,\"name\":\"Accueil\",\"item\":\"https:\\\/\\\/anatole-paris.com\\\/en\\\/\"},{\"@type\":\"ListItem\",\"position\":2,\"name\":\"Shop\",\"item\":\"https:\\\/\\\/anatole-paris.com\\\/en\\\/shop-umbrellas\\\/\"},{\"@type\":\"ListItem\",\"position\":3,\"name\":\"Coral pink folding compact umbrella &#8211; MADELEINE\"}]},{\"@type\":\"WebSite\",\"@id\":\"https:\\\/\\\/anatole-paris.com\\\/#website\",\"url\":\"https:\\\/\\\/anatole-paris.com\\\/\",\"name\":\"ANATOLE\",\"description\":\"The new stylish and colourful French umbrella brand. Here is your new must-have fashion accessory, it is a small and strong umbrella that will easily slip into your bag or pocket.\",\"publisher\":{\"@id\":\"https:\\\/\\\/anatole-paris.com\\\/#organization\"},\"potentialAction\":[{\"@type\":\"SearchAction\",\"target\":{\"@type\":\"EntryPoint\",\"urlTemplate\":\"https:\\\/\\\/anatole-paris.com\\\/?s={search_term_string}\"},\"query-input\":{\"@type\":\"PropertyValueSpecification\",\"valueRequired\":true,\"valueName\":\"search_term_string\"}}],\"inLanguage\":\"en-US\"},{\"@type\":\"Organization\",\"@id\":\"https:\\\/\\\/anatole-paris.com\\\/#organization\",\"name\":\"ANATOLE\",\"url\":\"https:\\\/\\\/anatole-paris.com\\\/\",\"logo\":{\"@type\":\"ImageObject\",\"inLanguage\":\"en-US\",\"@id\":\"https:\\\/\\\/anatole-paris.com\\\/#\\\/schema\\\/logo\\\/image\\\/\",\"url\":\"https:\\\/\\\/anatole-paris.com\\\/wp-content\\\/uploads\\\/2024\\\/05\\\/ANATOLE-LOGO.png\",\"contentUrl\":\"https:\\\/\\\/anatole-paris.com\\\/wp-content\\\/uploads\\\/2024\\\/05\\\/ANATOLE-LOGO.png\",\"width\":1627,\"height\":427,\"caption\":\"ANATOLE\"},\"image\":{\"@id\":\"https:\\\/\\\/anatole-paris.com\\\/#\\\/schema\\\/logo\\\/image\\\/\"},\"sameAs\":[\"https:\\\/\\\/www.instagram.com\\\/anatoleofficial\\\/\"]}]}<\/script>\n<!-- \/ Yoast SEO plugin. -->","yoast_head_json":{"title":"Pink folding umbrella - ANATOLE - urban micro-umbrellas","description":"This pink umbrella will be spectacular worn alongside most colours this season. Order your umbrella online, we ship worldwide.","robots":{"index":"index","follow":"follow","max-snippet":"max-snippet:-1","max-image-preview":"max-image-preview:large","max-video-preview":"max-video-preview:-1"},"canonical":"https:\/\/anatole-paris.com\/en\/shop-umbrella\/coral-pink-folding-compact-umbrella\/","og_locale":"en_US","og_type":"article","og_title":"Pink folding umbrella - ANATOLE - urban micro-umbrellas","og_description":"This pink umbrella will be spectacular worn alongside most colours this season. Order your umbrella online, we ship worldwide.","og_url":"https:\/\/anatole-paris.com\/en\/shop-umbrella\/coral-pink-folding-compact-umbrella\/","og_site_name":"ANATOLE","article_modified_time":"2026-02-23T01:50:42+00:00","og_image":[{"width":1350,"height":1500,"url":"https:\/\/anatole-paris.com\/wp-content\/uploads\/2023\/08\/Mini-parapluie-rose-corail-parapluie-pliant-Anatole-Madeleine.jpg","type":"image\/jpeg"}],"twitter_card":"summary_large_image","twitter_misc":{"Est. reading time":"1 minute"},"schema":{"@context":"https:\/\/schema.org","@graph":[{"@type":"WebPage","@id":"https:\/\/anatole-paris.com\/en\/shop-umbrella\/coral-pink-folding-compact-umbrella\/","url":"https:\/\/anatole-paris.com\/en\/shop-umbrella\/coral-pink-folding-compact-umbrella\/","name":"Pink folding umbrella - ANATOLE - urban micro-umbrellas","isPartOf":{"@id":"https:\/\/anatole-paris.com\/#website"},"primaryImageOfPage":{"@id":"https:\/\/anatole-paris.com\/en\/shop-umbrella\/coral-pink-folding-compact-umbrella\/#primaryimage"},"image":{"@id":"https:\/\/anatole-paris.com\/en\/shop-umbrella\/coral-pink-folding-compact-umbrella\/#primaryimage"},"thumbnailUrl":"https:\/\/anatole-paris.com\/wp-content\/uploads\/2017\/08\/ANATOLE-R101ROSE-Madeleine-Produit-Pack.jpg","datePublished":"2017-08-01T16:19:56+00:00","dateModified":"2026-02-23T01:50:42+00:00","description":"This pink umbrella will be spectacular worn alongside most colours this season. Order your umbrella online, we ship worldwide.","breadcrumb":{"@id":"https:\/\/anatole-paris.com\/en\/shop-umbrella\/coral-pink-folding-compact-umbrella\/#breadcrumb"},"inLanguage":"en-US","potentialAction":[{"@type":"ReadAction","target":["https:\/\/anatole-paris.com\/en\/shop-umbrella\/coral-pink-folding-compact-umbrella\/"]}]},{"@type":"ImageObject","inLanguage":"en-US","@id":"https:\/\/anatole-paris.com\/en\/shop-umbrella\/coral-pink-folding-compact-umbrella\/#primaryimage","url":"https:\/\/anatole-paris.com\/wp-content\/uploads\/2017\/08\/ANATOLE-R101ROSE-Madeleine-Produit-Pack.jpg","contentUrl":"https:\/\/anatole-paris.com\/wp-content\/uploads\/2017\/08\/ANATOLE-R101ROSE-Madeleine-Produit-Pack.jpg","width":1350,"height":1500,"caption":"ANATOLE - Madeleine - Produit + Pack"},{"@type":"BreadcrumbList","@id":"https:\/\/anatole-paris.com\/en\/shop-umbrella\/coral-pink-folding-compact-umbrella\/#breadcrumb","itemListElement":[{"@type":"ListItem","position":1,"name":"Accueil","item":"https:\/\/anatole-paris.com\/en\/"},{"@type":"ListItem","position":2,"name":"Shop","item":"https:\/\/anatole-paris.com\/en\/shop-umbrellas\/"},{"@type":"ListItem","position":3,"name":"Coral pink folding compact umbrella &#8211; MADELEINE"}]},{"@type":"WebSite","@id":"https:\/\/anatole-paris.com\/#website","url":"https:\/\/anatole-paris.com\/","name":"ANATOLE","description":"The new stylish and colourful French umbrella brand. Here is your new must-have fashion accessory, it is a small and strong umbrella that will easily slip into your bag or pocket.","publisher":{"@id":"https:\/\/anatole-paris.com\/#organization"},"potentialAction":[{"@type":"SearchAction","target":{"@type":"EntryPoint","urlTemplate":"https:\/\/anatole-paris.com\/?s={search_term_string}"},"query-input":{"@type":"PropertyValueSpecification","valueRequired":true,"valueName":"search_term_string"}}],"inLanguage":"en-US"},{"@type":"Organization","@id":"https:\/\/anatole-paris.com\/#organization","name":"ANATOLE","url":"https:\/\/anatole-paris.com\/","logo":{"@type":"ImageObject","inLanguage":"en-US","@id":"https:\/\/anatole-paris.com\/#\/schema\/logo\/image\/","url":"https:\/\/anatole-paris.com\/wp-content\/uploads\/2024\/05\/ANATOLE-LOGO.png","contentUrl":"https:\/\/anatole-paris.com\/wp-content\/uploads\/2024\/05\/ANATOLE-LOGO.png","width":1627,"height":427,"caption":"ANATOLE"},"image":{"@id":"https:\/\/anatole-paris.com\/#\/schema\/logo\/image\/"},"sameAs":["https:\/\/www.instagram.com\/anatoleofficial\/"]}]}},"_sku":"R101ROSE","_regular_price":"38","_sale_price":"","_sale_price_dates_from":"","_sale_price_dates_to":"","total_sales":"9677","_tax_status":"taxable","_tax_class":"","_manage_stock":"yes","_backorders":"no","_sold_individually":"no","_weight":"","_length":"","_width":"","_height":"","_upsell_ids":[],"_crosssell_ids":[],"_purchase_note":"","_default_attributes":[],"_virtual":"no","_downloadable":"no","_product_image_gallery":"14040,20175,20173,20171,5376,7960","_download_limit":"-1","_download_expiry":"-1","_stock":"641","_stock_status":"instock","_wc_average_rating":0,"_wc_rating_count":"","_wc_review_count":"0","_downloadable_files":[],"_product_attributes":{"finition-poignee":{"name":"Finition poign\u00e9e :","value":"Poign\u00e9e bois blanc | Poign\u00e9e bois naturel","position":0,"is_visible":0,"is_variation":0,"is_taxonomy":0}},"_product_version":"10.4.3","_price":"38","wc_productdata_options":[{"_product_block":"0","_top_content":"","_bottom_content":"","_bubble_new":"\"yes\"","_bubble_text":"100% recycled fabric","_custom_tab_title":"","_custom_tab":"","_product_video":"","_product_video_size":"","_product_video_placement":""}],"_edit_lock":"1753439153:1","_edit_last":"2942","_um_custom_access_settings":"","_um_accessible":"","_um_access_redirect2":"","_um_access_roles":"","_um_access_redirect":"","_yoast_wpseo_focuskw_text_input":"","_yoast_wpseo_focuskw":"pink umbrella","pm_meta_templ_id":"","_yoast_wpseo_primary_product_cat":"","_wp_old_slug":"pale-pink-folding-umbrella-duke","_wpml_media_duplicate":"1","_wpml_media_featured":"1","_alp_processed":"1728571485","_wcj_price_by_country_1":"","_yoast_wpseo_title":"Pink folding umbrella %%sep%% ANATOLE - urban micro-umbrellas","fb_visibility":"","fb_product_group_id":"1400381843421334","fb_product_item_id":"1400381860087999","fb_product_description":"","_wpml_word_count":"","_low_stock_amount":"","_yoast_wpseo_linkdex":"51","_yoast_wpseo_content_score":"90","_yoast_wpseo_metadesc":"This pink umbrella will be spectacular worn alongside most colours this season. Order your umbrella online, we ship worldwide.","_wpml_media_has_media":"1","_wpml_location_migration_done":"","_wc_facebook_sync_enabled":"yes","_wcj_price_by_user_role_per_product_settings_enabled":"no","wcml_sync_hash":{"postmeta_fields":"01a7b0ce98635e01d8d67e5bcb57d772"},"attr_label_translations":{"en":{"finition-poignee":"Finition poign\u00e9e :"}},"_children":"","_thumbnail_id":"30363","_last_translation_edit_mode":"native-editor","fb_image":"","fb_sync_status":"","_vies_product_is_service":"no","_wc_facebook_product_image_source":"product","_wcml_average_rating":"","_wcml_review_count":"","_wp_old_date":"","_yoast_wpseo_meta-robots-nofollow":"","_product_code":"3770011265145","_wcj_price_by_user_role_regular_price_btob":"","_wcj_price_by_user_role_sale_price_btob":"","_wcj_price_by_user_role_empty_price_btob":"","_wp_desired_post_slug":"","_wp_trash_meta_status":"","_wp_trash_meta_time":"","_links":{"self":[{"href":"https:\/\/anatole-paris.com\/en\/wp-json\/wp\/v2\/product\/3520","targetHints":{"allow":["GET"]}}],"collection":[{"href":"https:\/\/anatole-paris.com\/en\/wp-json\/wp\/v2\/product"}],"about":[{"href":"https:\/\/anatole-paris.com\/en\/wp-json\/wp\/v2\/types\/product"}],"wp:featuredmedia":[{"embeddable":true,"href":"https:\/\/anatole-paris.com\/en\/wp-json\/wp\/v2\/media\/30363"}],"wp:attachment":[{"href":"https:\/\/anatole-paris.com\/en\/wp-json\/wp\/v2\/media?parent=3520"}],"wp:term":[{"taxonomy":"product_brand","embeddable":true,"href":"https:\/\/anatole-paris.com\/en\/wp-json\/wp\/v2\/product_brand?post=3520"},{"taxonomy":"product_type","embeddable":true,"href":"https:\/\/anatole-paris.com\/en\/wp-json\/wp\/v2\/product_type?post=3520"}],"curies":[{"name":"wp","href":"https:\/\/api.w.org\/{rel}","templated":true}]}}